{"id":44,"date":"2023-07-16T18:19:37","date_gmt":"2023-07-16T16:19:37","guid":{"rendered":"https:\/\/assfamvillers54.fr\/?page_id=44"},"modified":"2024-02-04T11:26:47","modified_gmt":"2024-02-04T10:26:47","slug":"sejour-bussang","status":"publish","type":"page","link":"https:\/\/assfamvillers54.fr\/index.php\/sejour-bussang\/","title":{"rendered":"S\u00e9jour Bussang"},"content":{"rendered":"\t\t<div data-elementor-type=\"wp-page\" data-elementor-id=\"44\" class=\"elementor elementor-44\">\n\t\t\t\t\t\t<section class=\"elementor-section elementor-top-section elementor-element elementor-element-35950df elementor-section-boxed elementor-section-height-default elementor-section-height-default\" data-id=\"35950df\" data-element_type=\"section\">\n\t\t\t\t\t\t<div class=\"elementor-container elementor-column-gap-default\">\n\t\t\t\t\t<div class=\"elementor-column elementor-col-100 elementor-top-column elementor-element elementor-element-63a1a6b\" data-id=\"63a1a6b\" data-element_type=\"column\">\n\t\t\t<div class=\"elementor-widget-wrap elementor-element-populated\">\n\t\t\t\t\t\t<div class=\"elementor-element elementor-element-8527e40 elementor-widget elementor-widget-text-editor\" data-id=\"8527e40\" data-element_type=\"widget\" data-widget_type=\"text-editor.default\">\n\t\t\t\t<div class=\"elementor-widget-container\">\n\t\t\t<style>\/*! elementor - v3.23.0 - 05-08-2024 *\/\n.elementor-widget-text-editor.elementor-drop-cap-view-stacked .elementor-drop-cap{background-color:#69727d;color:#fff}.elementor-widget-text-editor.elementor-drop-cap-view-framed .elementor-drop-cap{color:#69727d;border:3px solid;background-color:transparent}.elementor-widget-text-editor:not(.elementor-drop-cap-view-default) .elementor-drop-cap{margin-top:8px}.elementor-widget-text-editor:not(.elementor-drop-cap-view-default) .elementor-drop-cap-letter{width:1em;height:1em}.elementor-widget-text-editor .elementor-drop-cap{float:left;text-align:center;line-height:1;font-size:50px}.elementor-widget-text-editor .elementor-drop-cap-letter{display:inline-block}<\/style>\t\t\t\t<h1 style=\"text-align: center;\"><span style=\"color: #0000ff;\">En raison du nombre trop faible d&rsquo;inscriptions le s\u00e9jour n&rsquo;aura pas lieu cette ann\u00e9e.<\/span><\/h1>\t\t\t\t\t\t<\/div>\n\t\t\t\t<\/div>\n\t\t\t\t\t<\/div>\n\t\t<\/div>\n\t\t\t\t\t<\/div>\n\t\t<\/section>\n\t\t\t\t<section class=\"elementor-section elementor-top-section elementor-element elementor-element-2ca2672 elementor-section-boxed elementor-section-height-default elementor-section-height-default\" data-id=\"2ca2672\" data-element_type=\"section\">\n\t\t\t\t\t\t<div class=\"elementor-container elementor-column-gap-default\">\n\t\t\t\t\t<div class=\"elementor-column elementor-col-100 elementor-top-column elementor-element elementor-element-45b0f81\" data-id=\"45b0f81\" data-element_type=\"column\">\n\t\t\t<div class=\"elementor-widget-wrap elementor-element-populated\">\n\t\t\t\t\t\t<div class=\"elementor-element elementor-element-c75f351 elementor-widget elementor-widget-image\" data-id=\"c75f351\" data-element_type=\"widget\" data-widget_type=\"image.default\">\n\t\t\t\t<div class=\"elementor-widget-container\">\n\t\t\t<style>\/*! elementor - v3.23.0 - 05-08-2024 *\/\n.elementor-widget-image{text-align:center}.elementor-widget-image a{display:inline-block}.elementor-widget-image a img[src$=\".svg\"]{width:48px}.elementor-widget-image img{vertical-align:middle;display:inline-block}<\/style>\t\t\t\t\t\t\t\t\t\t<img fetchpriority=\"high\" decoding=\"async\" width=\"1024\" height=\"716\" src=\"https:\/\/assfamvillers54.fr\/wp-content\/uploads\/2023\/07\/Recto-1024x716.jpg\" class=\"attachment-large size-large wp-image-236\" alt=\"\" srcset=\"https:\/\/assfamvillers54.fr\/wp-content\/uploads\/2023\/07\/Recto-1024x716.jpg 1024w, https:\/\/assfamvillers54.fr\/wp-content\/uploads\/2023\/07\/Recto-300x210.jpg 300w, https:\/\/assfamvillers54.fr\/wp-content\/uploads\/2023\/07\/Recto-768x537.jpg 768w, https:\/\/assfamvillers54.fr\/wp-content\/uploads\/2023\/07\/Recto-1536x1074.jpg 1536w, https:\/\/assfamvillers54.fr\/wp-content\/uploads\/2023\/07\/Recto.jpg 1777w\" sizes=\"(max-width: 1024px) 100vw, 1024px\" \/>\t\t\t\t\t\t\t\t\t\t\t\t\t<\/div>\n\t\t\t\t<\/div>\n\t\t\t\t\t<\/div>\n\t\t<\/div>\n\t\t\t\t\t<\/div>\n\t\t<\/section>\n\t\t\t\t<section class=\"elementor-section elementor-top-section elementor-element elementor-element-2e9f521 elementor-section-boxed elementor-section-height-default elementor-section-height-default\" data-id=\"2e9f521\" data-element_type=\"section\">\n\t\t\t\t\t\t<div class=\"elementor-container elementor-column-gap-default\">\n\t\t\t\t\t<div class=\"elementor-column elementor-col-100 elementor-top-column elementor-element elementor-element-ef88312\" data-id=\"ef88312\" data-element_type=\"column\">\n\t\t\t<div class=\"elementor-widget-wrap\">\n\t\t\t\t\t\t\t<\/div>\n\t\t<\/div>\n\t\t\t\t\t<\/div>\n\t\t<\/section>\n\t\t\t\t<section class=\"elementor-section elementor-top-section elementor-element elementor-element-bb98d7c elementor-section-boxed elementor-section-height-default elementor-section-height-default\" data-id=\"bb98d7c\" data-element_type=\"section\">\n\t\t\t\t\t\t<div class=\"elementor-container elementor-column-gap-default\">\n\t\t\t\t\t<div class=\"elementor-column elementor-col-100 elementor-top-column elementor-element elementor-element-4d5555b\" data-id=\"4d5555b\" data-element_type=\"column\">\n\t\t\t<div class=\"elementor-widget-wrap elementor-element-populated\">\n\t\t\t\t\t\t<div class=\"elementor-element elementor-element-dd410aa elementor-widget elementor-widget-image\" data-id=\"dd410aa\" data-element_type=\"widget\" data-widget_type=\"image.default\">\n\t\t\t\t<div class=\"elementor-widget-container\">\n\t\t\t\t\t\t\t\t\t\t\t\t\t<img decoding=\"async\" width=\"1024\" height=\"727\" src=\"https:\/\/assfamvillers54.fr\/wp-content\/uploads\/2023\/07\/Verso2-1024x727.jpg\" class=\"attachment-large size-large wp-image-241\" alt=\"\" srcset=\"https:\/\/assfamvillers54.fr\/wp-content\/uploads\/2023\/07\/Verso2-1024x727.jpg 1024w, https:\/\/assfamvillers54.fr\/wp-content\/uploads\/2023\/07\/Verso2-300x213.jpg 300w, https:\/\/assfamvillers54.fr\/wp-content\/uploads\/2023\/07\/Verso2-768x545.jpg 768w, https:\/\/assfamvillers54.fr\/wp-content\/uploads\/2023\/07\/Verso2-1536x1091.jpg 1536w, https:\/\/assfamvillers54.fr\/wp-content\/uploads\/2023\/07\/Verso2.jpg 1756w\" sizes=\"(max-width: 1024px) 100vw, 1024px\" \/>\t\t\t\t\t\t\t\t\t\t\t\t\t<\/div>\n\t\t\t\t<\/div>\n\t\t\t\t\t<\/div>\n\t\t<\/div>\n\t\t\t\t\t<\/div>\n\t\t<\/section>\n\t\t\t\t<section class=\"elementor-section elementor-top-section elementor-element elementor-element-6293ddd elementor-section-boxed elementor-section-height-default elementor-section-height-default\" data-id=\"6293ddd\" data-element_type=\"section\">\n\t\t\t\t\t\t<div class=\"elementor-container elementor-column-gap-default\">\n\t\t\t\t\t<div class=\"elementor-column elementor-col-100 elementor-top-column elementor-element elementor-element-4869a4c\" data-id=\"4869a4c\" data-element_type=\"column\">\n\t\t\t<div class=\"elementor-widget-wrap elementor-element-populated\">\n\t\t\t\t\t\t<div class=\"elementor-element elementor-element-46d2f00 elementor-widget elementor-widget-text-editor\" data-id=\"46d2f00\" data-element_type=\"widget\" data-widget_type=\"text-editor.default\">\n\t\t\t\t<div class=\"elementor-widget-container\">\n\t\t\t\t\t\t\t<p style=\"text-align: center;\"><span style=\"color: #99cc00;\"><a style=\"color: #99cc00;\" href=\"https:\/\/assfamvillers54.fr\/wp-content\/uploads\/2024\/01\/Fiche-Inscription-SKI-2024.doc\">Fiche d&rsquo;inscription pour le s\u00e9jour 2024 (\u00e0 t\u00e9l\u00e9charger)<\/a><\/span><\/p>\t\t\t\t\t\t<\/div>\n\t\t\t\t<\/div>\n\t\t\t\t\t<\/div>\n\t\t<\/div>\n\t\t\t\t\t<\/div>\n\t\t<\/section>\n\t\t\t\t<\/div>\n\t\t","protected":false},"excerpt":{"rendered":"<p>En raison du nombre trop faible d&rsquo;inscriptions le s\u00e9jour n&rsquo;aura pas lieu cette ann\u00e9e. Fiche d&rsquo;inscription pour le s\u00e9jour 2024 (\u00e0 t\u00e9l\u00e9charger)<\/p>\n","protected":false},"author":1,"featured_media":0,"parent":0,"menu_order":0,"comment_status":"closed","ping_status":"closed","template":"","meta":[],"_links":{"self":[{"href":"https:\/\/assfamvillers54.fr\/index.php\/wp-json\/wp\/v2\/pages\/44"}],"collection":[{"href":"https:\/\/assfamvillers54.fr\/index.php\/wp-json\/wp\/v2\/pages"}],"about":[{"href":"https:\/\/assfamvillers54.fr\/index.php\/wp-json\/wp\/v2\/types\/page"}],"author":[{"embeddable":true,"href":"https:\/\/assfamvillers54.fr\/index.php\/wp-json\/wp\/v2\/users\/1"}],"replies":[{"embeddable":true,"href":"https:\/\/assfamvillers54.fr\/index.php\/wp-json\/wp\/v2\/comments?post=44"}],"version-history":[{"count":28,"href":"https:\/\/assfamvillers54.fr\/index.php\/wp-json\/wp\/v2\/pages\/44\/revisions"}],"predecessor-version":[{"id":1710,"href":"https:\/\/assfamvillers54.fr\/index.php\/wp-json\/wp\/v2\/pages\/44\/revisions\/1710"}],"wp:attachment":[{"href":"https:\/\/assfamvillers54.fr\/index.php\/wp-json\/wp\/v2\/media?parent=44"}],"curies":[{"name":"wp","href":"https:\/\/api.w.org\/{rel}","templated":true}]}}